{"id":15536,"date":"2023-07-01T13:29:00","date_gmt":"2023-07-01T11:29:00","guid":{"rendered":"https:\/\/demo223.wonderblue.studio\/p\/roybosh-vanille\/"},"modified":"2025-09-02T10:52:16","modified_gmt":"2025-09-02T08:52:16","slug":"kaffee-jamaica-blue-mountain","status":"publish","type":"product","link":"https:\/\/buboffee.ch\/sk\/p\/kaffee-jamaica-blue-mountain\/","title":{"rendered":"K\u00e1va Jamaica Blue Mountain"},"content":{"rendered":"<div data-elementor-type=\"container\" data-elementor-id=\"16221\" class=\"elementor elementor-16221\" data-elementor-post-type=\"elementor_library\">\n\t\t\t\t<div class=\"elementor-element elementor-element-75fa893 e-flex e-con-boxed e-con e-parent\" data-id=\"75fa893\" data-element_type=\"container\">\n\t\t\t\t\t<div class=\"e-con-inner\">\n\t\t\t\t<div class=\"elementor-element elementor-element-c0265d2 elementor-widget elementor-widget-video\" data-id=\"c0265d2\" data-element_type=\"widget\" data-settings=\"{&quot;youtube_url&quot;:&quot;https:\\\/\\\/www.youtube.com\\\/watch?v=xr1BHM1l1-o&quot;,&quot;show_image_overlay&quot;:&quot;yes&quot;,&quot;image_overlay&quot;:{&quot;url&quot;:&quot;http:\\\/\\\/buboffee.ch\\\/wp-content\\\/uploads\\\/2023\\\/10\\\/buboffee-pic5.webp&quot;,&quot;id&quot;:15655,&quot;size&quot;:&quot;&quot;,&quot;alt&quot;:&quot;&quot;,&quot;source&quot;:&quot;library&quot;},&quot;video_type&quot;:&quot;youtube&quot;,&quot;controls&quot;:&quot;yes&quot;}\" data-widget_type=\"video.default\">\n\t\t\t\t<div class=\"elementor-widget-container\">\n\t\t\t\t\t<div class=\"elementor-wrapper elementor-open-inline\">\n\t\t\t<div class=\"elementor-video\"><\/div>\t\t\t\t<div class=\"elementor-custom-embed-image-overlay\" style=\"background-image: url(https:\/\/buboffee.ch\/wp-content\/uploads\/2023\/10\/buboffee-pic5.webp);\">\n\t\t\t\t\t\t\t\t\t\t\t\t\t\t\t\t<div class=\"elementor-custom-embed-play\" role=\"button\" aria-label=\"Prehra\u0165 video\" tabindex=\"0\" data-no-translation-aria-label=\"\">\n\t\t\t\t\t\t\t<svg aria-hidden=\"true\" class=\"e-font-icon-svg e-fas-play-circle\" viewbox=\"0 0 512 512\" xmlns=\"http:\/\/www.w3.org\/2000\/svg\"><path d=\"M256 8C119 8 8 119 8 256s111 248 248 248 248-111 248-248S393 8 256 8zm115.7 272l-176 101c-15.8 8.8-35.7-2.5-35.7-21V152c0-18.4 19.8-29.8 35.7-21l176 107c16.4 9.2 16.4 32.9 0 42z\"><\/path><\/svg>\t\t\t\t\t\t\t<span class=\"elementor-screen-only\" data-no-translation=\"\" data-trp-gettext=\"\">Prehra\u0165 video<\/span>\n\t\t\t\t\t\t<\/div>\n\t\t\t\t\t\t\t\t\t<\/div>\n\t\t\t\t\t<\/div>\n\t\t\t\t<\/div>\n\t\t\t\t<\/div>\n\t\t\t\t\t<\/div>\n\t\t\t\t<\/div>\n\t\t\t\t<\/div>\n\t\t\n<p>Jamajsk\u00e1 k\u00e1va Blue Mountain, ktor\u00fa pon\u00faka spolo\u010dnos\u0165 Buboffee, rastie v ide\u00e1lnych klimatick\u00fdch podmienkach v tropickom, vlhkom podneb\u00ed na sope\u010dn\u00fdch ju\u017en\u00fdch svahoch Portlandu St. Andrews v nadmorskej v\u00fd\u0161ke 1 400 a\u017e 1 800 metrov v \"Modr\u00fdch hor\u00e1ch\", ktor\u00e9 s\u00fa vysok\u00e9 a\u017e 2 300 metrov a tiahnu sa od z\u00e1padu na v\u00fdchod ostrova. Na Jamajke sa k\u00e1vov\u00e9 zrn\u00e1 zbieraj\u00fa od septembra do marca. Ka\u017ed\u00e9 zrno sa ru\u010dne kontroluje \u010di je zrel\u00e9, zbiera sa, um\u00fdva, su\u0161\u00ed a triedi.<br \/>\nK\u00e1va Jamaica Blue Mountain od spolo\u010dnosti Buboffee poch\u00e1dza takmer v\u00fdlu\u010dne z mal\u00fdch plant\u00e1\u017e\u00ed, aby sa podporila miestna komunita, napr\u00edklad Jamajsk\u00e1 asoci\u00e1cia pestovate\u013eov k\u00e1vy. V\u010faka mal\u00fdm mno\u017estv\u00e1m, ktor\u00e9 sa dostan\u00fa na trh, a dokonale vyv\u00e1\u017eenej chuti patr\u00ed k najvz\u00e1cnej\u0161\u00edm a najdrah\u0161\u00edm k\u00e1vam na svete. Ke\u010f si v\u0161ak vychutn\u00e1te prv\u00fa \u0161\u00e1lku tejto k\u00e1vy, pochop\u00edte, pre\u010do sa pova\u017euje za najlep\u0161iu k\u00e1vu na svete. Na\u0161\u00edm cie\u013eom je pon\u00faknu\u0165 na\u0161im z\u00e1kazn\u00edkom t\u00fa najlep\u0161iu kvalitu v \u0161\u00e1lke k\u00e1vy a podpori\u0165 miestnych farm\u00e1rov.<\/p>\n<p>Pra\u017eenie je samozrejme tie\u017e d\u00f4le\u017eit\u00fdm procesom pre kvalitu k\u00e1vov\u00fdch z\u0155n, ktor\u00e9 sa dostan\u00fa do va\u0161ej \u0161\u00e1lky. Preto sme sa obr\u00e1tili na sk\u00fasen\u00e9 \u0161vaj\u010diarske pra\u017eiarne, ktor\u00fdch hist\u00f3ria siaha a\u017e do roku 1903 a ktor\u00e9 dok\u00e1\u017eu zrn\u00e1 dokonale upra\u017ei\u0165 a vyprofilova\u0165 tak, aby pote\u0161ili aj t\u00fdch najn\u00e1ro\u010dnej\u0161\u00edch z\u00e1kazn\u00edkov.<\/p>","protected":false},"excerpt":{"rendered":"<p><span style=\"font-weight: 400;\"><strong>Pra\u017eenie:<\/strong> Stredn\u00e9<\/span><\/p>\n<p><span style=\"font-weight: 400;\"><strong>Ar\u00f3ma:\u00a0<\/strong><\/span>Lieskov\u00fd Orech. \u010cokol\u00e1da, Karamel, Ovocie<\/p>\n<p>\u0160\u00e1lka Blue Mountain je dokonalou rovnov\u00e1hou medzi n\u00e1dhernou v\u00f4\u0148ou tmav\u00fdch bob\u00fa\u013e a mandar\u00ednok a jemnou, lahodnou chu\u0165ou lieskov\u00fdch orie\u0161kov, karamelu a \u010dokol\u00e1dy, ako aj spr\u00e1vnou rovnov\u00e1hou kyslosti a sladkosti, ktor\u00e1 pretrv\u00e1va na jazyku a uspokoj\u00ed aj tie najn\u00e1ro\u010dnej\u0161ie chu\u0165ov\u00e9 bunky. Na dosiahnutie skuto\u010dne gurm\u00e1nskeho z\u00e1\u017eitku odpor\u00fa\u010dame pou\u017ei\u0165 o 10 a\u017e 15 % viac k\u00e1vov\u00fdch z\u0155n ako pri in\u00fdch k\u00e1vach.<\/p>","protected":false},"featured_media":16191,"template":"","meta":[],"product_cat":[46],"product_tag":[],"class_list":{"0":"post-15536","1":"product","2":"type-product","3":"status-publish","4":"has-post-thumbnail","6":"product_cat-kaffee","8":"first","9":"instock","10":"shipping-taxable","11":"purchasable","12":"product-type-variable"},"jetpack_sharing_enabled":true,"_links":{"self":[{"href":"https:\/\/buboffee.ch\/sk\/wp-json\/wp\/v2\/product\/15536","targetHints":{"allow":["GET"]}}],"collection":[{"href":"https:\/\/buboffee.ch\/sk\/wp-json\/wp\/v2\/product"}],"about":[{"href":"https:\/\/buboffee.ch\/sk\/wp-json\/wp\/v2\/types\/product"}],"wp:featuredmedia":[{"embeddable":true,"href":"https:\/\/buboffee.ch\/sk\/wp-json\/wp\/v2\/media\/16191"}],"wp:attachment":[{"href":"https:\/\/buboffee.ch\/sk\/wp-json\/wp\/v2\/media?parent=15536"}],"wp:term":[{"taxonomy":"product_cat","embeddable":true,"href":"https:\/\/buboffee.ch\/sk\/wp-json\/wp\/v2\/product_cat?post=15536"},{"taxonomy":"product_tag","embeddable":true,"href":"https:\/\/buboffee.ch\/sk\/wp-json\/wp\/v2\/product_tag?post=15536"}],"curies":[{"name":"wp","href":"https:\/\/api.w.org\/{rel}","templated":true}]}}