{"id":15604,"date":"2023-08-28T14:18:48","date_gmt":"2023-08-28T12:18:48","guid":{"rendered":"https:\/\/sticktee.ch\/?page_id=15604"},"modified":"2023-11-30T17:45:21","modified_gmt":"2023-11-30T16:45:21","slug":"impressum","status":"publish","type":"page","link":"https:\/\/buboffee.ch\/sk\/impressum\/","title":{"rendered":"Odtla\u010dok"},"content":{"rendered":"<h4 class=\"wp-block-heading\">Kontaktn\u00e1 adresa<\/h4><p>Buboffee GmbH,<\/p><p>Habshagstrasse 8,<\/p><p>Reinach BL, 4153<\/p><p>info@buboffee.ch<\/p><h4 class=\"wp-block-heading\">Osoby opr\u00e1vnen\u00e9 zastupova\u0165 spolo\u010dnos\u0165<\/h4><p>Martin Bubel\u00edny<\/p><h4 class=\"wp-block-heading\">Z\u00e1pis do obchodn\u00e9ho registra<\/h4><p>Registrovan\u00fd n\u00e1zov spolo\u010dnosti: Buboffee GmbH<\/p><p>UID: CHE-397.080.636<\/p>","protected":false},"excerpt":{"rendered":"<p>Kontaktadresse Buboffee GmbH, Habshagstrasse 8, Reinach BL, 4153 info@buboffee.ch Vertretungsberechtigte Personen Martin Bubel\u00edny Handelsregistereintrag Eingetragener Firmenname: Buboffee GmbH UID: CHE-397.080.636<\/p>","protected":false},"author":3,"featured_media":0,"parent":0,"menu_order":0,"comment_status":"closed","ping_status":"closed","template":"","meta":{"footnotes":""},"class_list":["post-15604","page","type-page","status-publish","hentry"],"jetpack_sharing_enabled":true,"_links":{"self":[{"href":"https:\/\/buboffee.ch\/sk\/wp-json\/wp\/v2\/pages\/15604","targetHints":{"allow":["GET"]}}],"collection":[{"href":"https:\/\/buboffee.ch\/sk\/wp-json\/wp\/v2\/pages"}],"about":[{"href":"https:\/\/buboffee.ch\/sk\/wp-json\/wp\/v2\/types\/page"}],"author":[{"embeddable":true,"href":"https:\/\/buboffee.ch\/sk\/wp-json\/wp\/v2\/users\/3"}],"replies":[{"embeddable":true,"href":"https:\/\/buboffee.ch\/sk\/wp-json\/wp\/v2\/comments?post=15604"}],"version-history":[{"count":5,"href":"https:\/\/buboffee.ch\/sk\/wp-json\/wp\/v2\/pages\/15604\/revisions"}],"predecessor-version":[{"id":16114,"href":"https:\/\/buboffee.ch\/sk\/wp-json\/wp\/v2\/pages\/15604\/revisions\/16114"}],"wp:attachment":[{"href":"https:\/\/buboffee.ch\/sk\/wp-json\/wp\/v2\/media?parent=15604"}],"curies":[{"name":"wp","href":"https:\/\/api.w.org\/{rel}","templated":true}]}}