{"id":10,"date":"2023-06-25T09:51:00","date_gmt":"2023-06-25T07:51:00","guid":{"rendered":"https:\/\/razziwp.com\/decorv2\/?page_id=10"},"modified":"2024-11-09T00:34:58","modified_gmt":"2024-11-08T23:34:58","slug":"agb","status":"publish","type":"page","link":"https:\/\/buboffee.ch\/sk\/agb\/","title":{"rendered":"GTC"},"content":{"rendered":"<p><strong>V\u0161eobecn\u00e9 obchodn\u00e9 podmienky (VOP) spolo\u010dnosti Buboffee<\/strong><\/p><p><strong>Rozsah pou\u017eitia<\/strong><\/p><p>Nasleduj\u00face v\u0161eobecn\u00e9 obchodn\u00e9 podmienky (VOP) sa vz\u0165ahuj\u00fa na v\u0161etky objedn\u00e1vky zadan\u00e9 prostredn\u00edctvom na\u0161ej webovej str\u00e1nky.<\/p><p>Ponuka na tejto webovej str\u00e1nke je ur\u010den\u00e1 v\u00fdlu\u010dne spotrebite\u013eom s bydliskom v<\/p><p>\u0160vaj\u010diarsko a eur\u00f3pske krajiny (\u010falej len \"z\u00e1kazn\u00edk\").<\/p><p>Spotrebite\u013e je fyzick\u00e1 osoba, ktor\u00e1 vstupuje do obchodn\u00e9ho vz\u0165ahu so spolo\u010dnos\u0165ou Buboffee.<\/p><p>udr\u017eiava vz\u0165ahy, ktor\u00e9 nemo\u017eno prip\u00edsa\u0165 ich obchodnej alebo nez\u00e1vislej profesion\u00e1lnej \u010dinnosti<\/p><p>m\u00f4\u017ee. Objedn\u00e1vky v mno\u017estv\u00e1ch, ktor\u00e9 nie s\u00fa obvykl\u00e9 pre dom\u00e1cnosti, m\u00f4\u017eu by\u0165 bez od\u00f4vodnenia zamietnut\u00e9.<\/p><p>Spolo\u010dnos\u0165 Buboffee si vyhradzuje pr\u00e1vo kedyko\u013evek zmeni\u0165 a doplni\u0165 tieto VOP. Verzia platn\u00e1 v \u010dase<\/p><p>Verzia t\u00fdchto V\u0161eobecn\u00fdch obchodn\u00fdch podmienok platn\u00e1 pre dan\u00fa objedn\u00e1vku, ktor\u00fa nie je mo\u017en\u00e9 jednostranne meni\u0165 pre t\u00fato objedn\u00e1vku.<\/p><p>Podmienky z\u00e1kazn\u00edka, ktor\u00e9 s\u00fa v rozpore s t\u00fdmito VOP alebo sa od nich odchy\u013euj\u00fa, sa neuzn\u00e1vaj\u00fa.<\/p><p>Prev\u00e1dzkovate\u013eom tejto webovej str\u00e1nky je spolo\u010dnos\u0165 Buboffee (&gt;Link Imprint).<\/p><p><strong>Inform\u00e1cie na tejto webovej str\u00e1nke<\/strong><\/p><p>Buboffee obsahuje inform\u00e1cie o produktoch a slu\u017eb\u00e1ch. Zmeny cien a sortimentu v\u00fdrobkov, ako aj<\/p><p>Vyhradzujeme si pr\u00e1vo na technick\u00e9 zmeny. V\u0161etky inform\u00e1cie na tejto webovej str\u00e1nke (popisy v\u00fdrobkov,<\/p><p>Obr\u00e1zky, ilustr\u00e1cie, filmy, rozmery, hmotnosti, technick\u00e9 \u0161pecifik\u00e1cie, vz\u0165ahy k pr\u00edslu\u0161enstvu a in\u00e9<\/p><p>Inform\u00e1cie v tomto katal\u00f3gu s\u00fa len ilustra\u010dn\u00e9 a mali by sa pova\u017eova\u0165 za pribli\u017en\u00e9 hodnoty a nie s\u00fa z\u00e1v\u00e4zn\u00e9. Predstavuj\u00fa<\/p><p>najm\u00e4 nepredstavuj\u00fa \u017eiadne uistenie o vlastnostiach alebo z\u00e1ruky, pokia\u013e nie je v\u00fdslovne uveden\u00e9 inak.<\/p><p>Spolo\u010dnos\u0165 Buboffee sa sna\u017e\u00ed zabezpe\u010di\u0165, aby v\u0161etky \u00fadaje a inform\u00e1cie na tejto webovej str\u00e1nke boli spr\u00e1vne, \u00fapln\u00e9, aktu\u00e1lne a<\/p><p>Spolo\u010dnos\u0165 Buboffee v\u0161ak za to nem\u00f4\u017ee poskytn\u00fa\u0165 \u017eiadnu v\u00fdslovn\u00fa ani nepriamu z\u00e1ruku.<\/p><p>V\u0161etky ponuky na tejto webovej str\u00e1nke sa m\u00f4\u017eu zmeni\u0165 a nemo\u017eno ich ch\u00e1pa\u0165 ako z\u00e1v\u00e4zn\u00e9 ponuky.<\/p><p>Spolo\u010dnos\u0165 Buboffee nem\u00f4\u017ee zaru\u010di\u0165, \u017ee uveden\u00e9 produkty bud\u00fa k dispoz\u00edcii v \u010dase objedn\u00e1vky.<\/p><p>V\u0161etky inform\u00e1cie o dostupnosti a dodac\u00edch lehot\u00e1ch sa preto m\u00f4\u017eu kedyko\u013evek a bez predch\u00e1dzaj\u00faceho upozornenia zmeni\u0165.<\/p><p>Ozn\u00e1menie o zmene.<\/p><p><strong>Ceny<\/strong><\/p><p>Predajn\u00e9 ceny uveden\u00e9 na Buboffee s\u00fa kone\u010dn\u00e9 ceny a zah\u0155\u0148aj\u00fa, ak nie je uveden\u00e9 inak.<\/p><p>z\u00e1konn\u00e1 DPH a v\u0161etky ostatn\u00e9 z\u00e1konn\u00e9 poplatky, ako s\u00fa z\u00e1lohov\u00e9 recykla\u010dn\u00e9 poplatky (VRG)<\/p><p>alebo poplatky za autorsk\u00e9 pr\u00e1va na elektronick\u00e9 zariadenia. Ceny s\u00fa uveden\u00e9 v \u010distej hodnote vo \u0161vaj\u010diarskych frankoch a eur\u00e1ch (CHF, EUR).<\/p><p>Ak nie je dohodnut\u00e9 inak, v\u0161etky n\u00e1klady na dopravu bud\u00fa \u00fa\u010dtovan\u00e9 dodato\u010dne a hrad\u00ed ich z\u00e1kazn\u00edk.<\/p><p>plati\u0165. N\u00e1klady na dopravu s\u00fa uveden\u00e9 samostatne v procese objedn\u00e1vky.<\/p><p>Technick\u00e9 zmeny, chyby a preklepy s\u00fa vyhraden\u00e9, najm\u00e4 Buboffee<\/p><p>Vyhradzujeme si pr\u00e1vo kedyko\u013evek a bez predch\u00e1dzaj\u00faceho upozornenia zmeni\u0165 ceny. Predajn\u00e9 ceny nezah\u0155\u0148aj\u00fa \u017eiadne poradenstvo<\/p><p>a podporn\u00e9 slu\u017eby.<\/p><p><strong>Uzatvorenie zmluvy<\/strong><\/p><p>Produkty a ceny na tejto webovej str\u00e1nke s\u00fa nez\u00e1v\u00e4zn\u00e9 ponuky.<\/p><p>Odoslan\u00edm objedn\u00e1vky prostredn\u00edctvom tejto webovej str\u00e1nky, vr\u00e1tane s\u00fahlasu s t\u00fdmito v\u0161eobecn\u00fdmi obchodn\u00fdmi podmienkami, sa z\u00e1kazn\u00edk pr\u00e1vne z\u00e1v\u00e4zne zav\u00e4zuje.<\/p><p>ponuku na uzavretie zmluvy. Spolo\u010dnos\u0165 Buboffee n\u00e1sledne za\u0161le e-mailom automatick\u00e9 potvrdenie o prijat\u00ed objedn\u00e1vky, ktor\u00e9 potvrdzuje, \u017ee spolo\u010dnos\u0165 Buboffee prijala ponuku z\u00e1kazn\u00edka. Podan\u00e9 objedn\u00e1vky s\u00fa z\u00e1v\u00e4zn\u00e9 pre<\/p><p>z\u00e1v\u00e4zn\u00e9 pre z\u00e1kazn\u00edka. Ak nie je uveden\u00e9 inak, neexistuje pr\u00e1vo na vr\u00e1tenie alebo zru\u0161enie objedn\u00e1vky.<\/p><p>Zmluva je uzavret\u00e1, akon\u00e1hle spolo\u010dnos\u0165 Buboffee odo\u0161le vyhl\u00e1senie o prijat\u00ed e-mailom, v ktorom je odoslanie<\/p><p>objednan\u00e9 produkty alebo slu\u017eby s\u00fa potvrden\u00e9.<\/p><p>Objedn\u00e1vky bud\u00fa spracovan\u00e9 a\u017e po prijat\u00ed \u00faplnej platby (v\u00fdnimka: dod\u00e1vka na fakt\u00faru) a ak<\/p><p>tovar je k dispoz\u00edcii, dodan\u00fd. Ak sa uk\u00e1\u017ee, \u017ee objednan\u00fd tovar nebol dodan\u00fd alebo nebol dodan\u00fd v plnom rozsahu<\/p><p>Spolo\u010dnos\u0165 Buboffee je opr\u00e1vnen\u00e1 objedn\u00e1vku neprija\u0165 alebo prija\u0165 len \u010diasto\u010dne alebo ju vykona\u0165. Na str\u00e1nke<\/p><p>V takom pr\u00edpade bude spolo\u010dnos\u0165 Buboffee informova\u0165 z\u00e1kazn\u00edka e-mailom. Ak u\u017e bola platba Z\u00e1kazn\u00edka<\/p><p>Buboffee, platba bude z\u00e1kazn\u00edkovi vr\u00e1ten\u00e1. Ak e\u0161te nebola vykonan\u00e1 \u017eiadna platba.<\/p><p>z\u00e1kazn\u00edk je zbaven\u00fd povinnosti plati\u0165.<\/p><p><strong>Mo\u017enosti platby a v\u00fdhrada vlastn\u00edctva<\/strong><\/p><p>Z\u00e1kazn\u00edk m\u00e1 k dispoz\u00edcii mo\u017enosti platby uveden\u00e9 v procese objedn\u00e1vky.<\/p><p>Spolo\u010dnos\u0165 Buboffee si vyhradzuje pr\u00e1vo vyl\u00fa\u010di\u0165 z\u00e1kazn\u00edkov z jednotliv\u00fdch mo\u017enost\u00ed platby bez uvedenia d\u00f4vodu.<\/p><p>alebo trva\u0165 na platbe vopred.<\/p><p>Spolo\u010dnos\u0165 Buboffee m\u00f4\u017ee \u00fa\u010dtova\u0165 \u00farok z ome\u0161kania vo v\u00fd\u0161ke 5% ro\u010dne a poplatok za upomienku v maxim\u00e1lnej v\u00fd\u0161ke<\/p><p>20 CHF za pripomienku.<\/p><p>V\u00fdrobky dodan\u00e9 z\u00e1kazn\u00edkovi zost\u00e1vaj\u00fa majetkom spolo\u010dnosti Buboffee a\u017e do prijatia \u00faplnej platby.<\/p><p><strong>Dodanie, povinnos\u0165 kontroly, ozn\u00e1menie v\u00e1d a vr\u00e1tenie tovaru<\/strong><\/p><p>Dod\u00e1vky sa uskuto\u010d\u0148uj\u00fa po\u0161tou alebo kuri\u00e9rskou slu\u017ebou na adresu, ktor\u00fa z\u00e1kazn\u00edk uviedol v objedn\u00e1vke.<\/p><p>odoslan\u00e9.<\/p><p>Spolo\u010dnos\u0165 Buboffee sa sna\u017e\u00ed dodr\u017eiava\u0165 \u010do najkrat\u0161ie dodacie lehoty. V\u0161etky dodacie lehoty uveden\u00e9 v potvrden\u00ed objedn\u00e1vky<\/p><p>Term\u00edny dodania v\u0161ak nie s\u00fa z\u00e1v\u00e4zn\u00e9. Spolo\u010dnos\u0165 Buboffee je opr\u00e1vnen\u00e1 realizova\u0165 \u010diasto\u010dn\u00e9 dod\u00e1vky. N\u00e1klady na dopravu sa fakturuj\u00fa v<\/p><p>V takom pr\u00edpade sa z\u00e1kazn\u00edkovi \u00fa\u010dtuje iba jedenkr\u00e1t.<\/p><p>Ak je pon\u00faknut\u00e1 dod\u00e1vka na fakt\u00faru, spolo\u010dnos\u0165 Buboffee sa m\u00f4\u017ee rozhodn\u00fa\u0165 zasla\u0165 fakt\u00faru prostredn\u00edctvom<\/p><p>E-mailom alebo po\u0161tou.<\/p><p>Ak dod\u00e1vka nem\u00f4\u017ee by\u0165 doru\u010den\u00e1 alebo ak z\u00e1kazn\u00edk odmietne prevzia\u0165 dod\u00e1vku, spolo\u010dnos\u0165 Buboffee m\u00f4\u017ee odst\u00fapi\u0165 od zmluvy.<\/p><p>po upozornen\u00ed z\u00e1kazn\u00edka e-mailom a poskytnut\u00ed primeranej lehoty na odklad, ako aj na odst\u00fapenie od zmluvy.<\/p><p>\u00da\u010dtujte si n\u00e1klady na manipul\u00e1ciu.<\/p><p>Z\u00e1kazn\u00edk je povinn\u00fd skontrolova\u0165 dodan\u00fd tovar bezprostredne po prevzat\u00ed dod\u00e1vky a nahl\u00e1si\u0165 pr\u00edpadn\u00e9 vady na<\/p><p>Buboffee zaru\u010duje, \u017ee bezodkladne p\u00edsomne listom alebo e-mailom na adresu uveden\u00fa v tir\u00e1\u017ei info@buboffee.ch<\/p><p>na vytvorenie inzer\u00e1tu.<\/p><p>Sp\u00e4tn\u00e9 z\u00e1sielky do spolo\u010dnosti Buboffee sa uskuto\u010d\u0148uj\u00fa na n\u00e1klady a riziko z\u00e1kazn\u00edka. Z\u00e1kazn\u00edk mus\u00ed vr\u00e1ti\u0165 tovar<\/p><p>v p\u00f4vodnom obale, so v\u0161etk\u00fdm pr\u00edslu\u0161enstvom a spolu s dodac\u00edm listom a podrobn\u00fdm<\/p><p>popis z\u00e1vad na spiato\u010dn\u00fa adresu uveden\u00fa spolo\u010dnos\u0165ou Buboffee v tla\u010diarni Habshagstrasse 8, 4153 Reinach BL, \u0160vaj\u010diarsko.<\/p><p>Ak sa pri kontrole vykonanej spolo\u010dnos\u0165ou Buboffee zist\u00ed, \u017ee tovar nem\u00e1 \u017eiadne zistite\u013en\u00e9 vady alebo \u017ee tieto vady nie s\u00fa<\/p><p>sa vz\u0165ahuje z\u00e1ruka v\u00fdrobcu, m\u00f4\u017ee spolo\u010dnos\u0165 Buboffee \u00fa\u010dtova\u0165 poplatky za manipul\u00e1ciu, vr\u00e1tenie alebo pr\u00edpadn\u00fa likvid\u00e1ciu tovaru.<\/p><p>vystavi\u0165 z\u00e1kazn\u00edkovi fakt\u00faru.<strong>Pr\u00e1vo na zru\u0161enie<\/strong><\/p><p>Z\u00e1kazn\u00edk m\u00e1 pr\u00e1vo odst\u00fapi\u0165 od zmluvy do 10 kalend\u00e1rnych dn\u00ed od prevzatia tovaru. T\u00e1to lehota sa pova\u017euje za<\/p><p>Lehota je dodr\u017ean\u00e1, ak z\u00e1kazn\u00edk za\u0161le p\u00edsomn\u00e9 odst\u00fapenie od zmluvy e-mailom na adresu info@buboffee.ch alebo listom na adresu Habshagstrasse 8, 4153 Reinach Bl, \u0160vaj\u010diarsko.<\/p><p>spolo\u010dnosti Buboffee v lehote na odst\u00fapenie od zmluvy. Zru\u0161enie nevy\u017eaduje \u017eiadne od\u00f4vodnenie.<\/p><p>Uplatnenie pr\u00e1va na odst\u00fapenie od zmluvy vedie k zru\u0161eniu zmluvy. Z\u00e1kazn\u00edk mus\u00ed vr\u00e1ti\u0165 tovar v lehote<\/p><p>10 kalend\u00e1rnych dn\u00ed v p\u00f4vodnom obale, so v\u0161etk\u00fdm pr\u00edslu\u0161enstvom a spolu s dodac\u00edm listom na adresu uveden\u00fa<\/p><p>Buboffee uviedol spiato\u010dn\u00fa adresu v tir\u00e1\u017ei ( Habshagstrasse 8, 4153 Reinach Bl, \u0160vaj\u010diarsko). N\u00e1vraty na adresu Buboffee<\/p><p>je na \u00fa\u010det a riziko z\u00e1kazn\u00edka. V\u0161etky u\u017e uskuto\u010dnen\u00e9 platby bud\u00fa vr\u00e1ten\u00e9 do 20<\/p><p>dn\u00ed za predpokladu, \u017ee spolo\u010dnos\u0165 Buboffee u\u017e dostala tovar sp\u00e4\u0165 alebo \u017ee z\u00e1kazn\u00edk u\u017e tovar vr\u00e1til.<\/p><p>m\u00f4\u017ee poskytn\u00fa\u0165 d\u00f4kaz o odoslan\u00ed.<\/p><p>Spolo\u010dnos\u0165 Buboffee si vyhradzuje pr\u00e1vo po\u017eadova\u0165 n\u00e1hradu \u0161kody, nadmern\u00e9ho opotrebovania alebo straty hodnoty v d\u00f4sledku nespr\u00e1vneho pou\u017e\u00edvania.<\/p><p>n\u00e1hradu a odpo\u010d\u00edta\u0165 zn\u00ed\u017eenie hodnoty od u\u017e zaplatenej k\u00fapnej ceny.<\/p><p>alebo fakturova\u0165 z\u00e1kazn\u00edkovi.<\/p><p>Pr\u00e1vo na zru\u0161enie sa neprizn\u00e1va v t\u00fdchto pr\u00edpadoch:<\/p><p>Ak m\u00e1 zmluva n\u00e1hodn\u00fd prvok, najm\u00e4 preto, \u017ee cena podlieha v\u00fdkyvom, ktor\u00fdm<\/p><p>poskytovate\u013e nem\u00e1 \u017eiadny vplyv.<\/p><p>Ak je predmetom zmluvy hnute\u013en\u00e1 vec, ktor\u00e1 vzh\u013eadom na svoju povahu nie je vhodn\u00e1 na<\/p><p>je vhodn\u00fd na vr\u00e1tenie alebo sa m\u00f4\u017ee r\u00fdchlo pokazi\u0165.<\/p><p>Ak je predmetom z\u00e1kazky hnute\u013en\u00e1 vec vyroben\u00e1 pod\u013ea \u0161pecifik\u00e1ci\u00ed z\u00e1kazn\u00edka<\/p><p>alebo je jasne prisp\u00f4soben\u00e1 osobn\u00fdm potreb\u00e1m.<\/p><p>Ak sa zmluva t\u00fdka digit\u00e1lneho obsahu a tento obsah nie je dostupn\u00fd na pevnom d\u00e1tovom nosi\u010di<\/p><p>alebo ak sa m\u00e1 zmluva splni\u0165 v plnom rozsahu oboma zmluvn\u00fdmi stranami okam\u017eite.<\/p><p>Ak je predmetom zmluvy slu\u017eba a zmluvu uzatv\u00e1ra poskytovate\u013e s predch\u00e1dzaj\u00facim<\/p><p>Zmluva mus\u00ed by\u0165 splnen\u00e1 v plnom rozsahu s v\u00fdslovn\u00fdm s\u00fahlasom z\u00e1kazn\u00edka pred uplynut\u00edm lehoty na odst\u00fapenie od zmluvy.<\/p><p>V oblasti ubytovania, dopravy, dod\u00e1vok jed\u00e1l a n\u00e1pojov a vo\u013eno\u010dasov\u00fdch aktiv\u00edt,<\/p><p>ak sa poskytovate\u013e zavia\u017ee poskytn\u00fa\u0165 slu\u017eby v ur\u010ditom \u010dase pri uzavret\u00ed zmluvy.<\/p><p>alebo v presne stanovenom \u010dasovom obdob\u00ed.<\/p><p><strong>Z\u00e1ruka<\/strong><\/p><p>Spolo\u010dnos\u0165 Buboffee sa sna\u017e\u00ed dod\u00e1va\u0165 tovar bezchybnej kvality. V pr\u00edpade v\u010das ozn\u00e1men\u00fdch z\u00e1vad<\/p><p>Buboffee po\u010das z\u00e1konnej z\u00e1ru\u010dnej lehoty, ktor\u00e1 zvy\u010dajne trv\u00e1 1 rok od d\u00e1tumu dodania<\/p><p>Z\u00e1ruka na bezchybnos\u0165 a funk\u010dnos\u0165 tovaru zak\u00fapen\u00e9ho z\u00e1kazn\u00edkom. Spo\u010d\u00edva v<\/p><p>Spolo\u010dnos\u0165 Buboffee m\u00f4\u017ee pod\u013ea vlastn\u00e9ho uv\u00e1\u017eenia poskytn\u00fa\u0165 z\u00e1ruku bezplatnou opravou, rovnocennou v\u00fdmenou alebo<\/p><p>vr\u00e1tenie k\u00fapnej ceny. \u010eal\u0161ie z\u00e1ru\u010dn\u00e9 pr\u00e1va s\u00fa vyl\u00fa\u010den\u00e9.<\/p><p>Z\u00e1ruka sa nevz\u0165ahuje na be\u017en\u00e9 opotrebenie alebo n\u00e1sledky nespr\u00e1vneho zaobch\u00e1dzania alebo pou\u017e\u00edvania.<\/p><p>\u0160kody sp\u00f4soben\u00e9 z\u00e1kazn\u00edkom alebo tret\u00edmi stranami a chyby sp\u00f4soben\u00e9 vonkaj\u0161\u00edmi okolnos\u0165ami,<\/p><p>sa nevz\u0165ahuje. Z\u00e1ruka sa nevz\u0165ahuje ani na spotrebn\u00fd materi\u00e1l a opotrebite\u013en\u00e9 diely (napr. bat\u00e9rie, akumul\u00e1tory at\u010f.).<\/p><p>vyl\u00fa\u010den\u00e9.<\/p><p>Spolo\u010dnos\u0165 Buboffee nem\u00f4\u017ee poskytn\u00fa\u0165 \u017eiadne z\u00e1ruky za aktu\u00e1lnos\u0165, \u00faplnos\u0165 a spr\u00e1vnos\u0165 poskytnut\u00fdch inform\u00e1ci\u00ed.<\/p><p>\u00fadajov, ako aj za trval\u00fa alebo nepreru\u0161ovan\u00fa dostupnos\u0165 webovej str\u00e1nky, jej funkci\u00ed, integrovan\u00fdch<\/p><p>hypertextov\u00e9 odkazy a in\u00fd obsah. Predov\u0161etk\u00fdm nie je zaru\u010den\u00e9, \u017ee<\/p><p>Pou\u017e\u00edvanie webovej str\u00e1nky neporu\u0161uje \u017eiadne pr\u00e1va tret\u00edch str\u00e1n, ktor\u00e9 nie s\u00fa vlastn\u00edctvom spolo\u010dnosti Buboffee.<\/p><p><strong>Zodpovednos\u0165<\/strong><\/p><p>Spolo\u010dnos\u0165 Buboffee vylu\u010duje ak\u00fako\u013evek zodpovednos\u0165 bez oh\u013eadu na jej pr\u00e1vny z\u00e1klad, ako aj n\u00e1roky na n\u00e1hradu \u0161kody vo\u010di<\/p><p>Buboffee a vo\u010di v\u0161etk\u00fdm pomocn\u00fdm osob\u00e1m a z\u00e1stupcom. Spolo\u010dnos\u0165 Buboffee nenesie zodpovednos\u0165 najm\u00e4 za<\/p><p>nepriame \u0161kody a n\u00e1sledn\u00e9 \u0161kody, u\u0161l\u00fd zisk alebo in\u00e9 \u0161kody na zdrav\u00ed, \u0161kody na majetku a \u010disto finan\u010dn\u00e9 straty, ktor\u00e9 z\u00e1kazn\u00edk utrpel. \u010eal\u0161ia povinn\u00e1 z\u00e1konn\u00e1 zodpovednos\u0165 zost\u00e1va vyhraden\u00e1,<\/p><p>napr\u00edklad za hrub\u00fa nedbanlivos\u0165 alebo protipr\u00e1vny \u00famysel.<\/p><p>Spolo\u010dnos\u0165 Buboffee pou\u017e\u00edva hypertextov\u00e9 odkazy len na zjednodu\u0161enie pr\u00edstupu z\u00e1kazn\u00edka na in\u00e9 webov\u00e9 str\u00e1nky. Buboffee<\/p><p>nem\u00f4\u017ee podrobne pozna\u0165 obsah t\u00fdchto webov\u00fdch str\u00e1nok a nem\u00f4\u017ee za ich obsah prevzia\u0165 \u017eiadnu zodpovednos\u0165.<\/p><p>obsah t\u00fdchto webov\u00fdch str\u00e1nok.<\/p><p><strong>Ochrana \u00fadajov<\/strong><\/p><p>Spolo\u010dnos\u0165 Buboffee m\u00f4\u017ee \u00fadaje zhroma\u017eden\u00e9 po\u010das uzatv\u00e1rania zmluvy pou\u017ei\u0165 na plnenie svojich povinnost\u00ed vypl\u00fdvaj\u00facich z<\/p><p>k\u00fapnu zmluvu a pou\u017ei\u0165 ju na marketingov\u00e9 \u00fa\u010dely. \u00dadaje potrebn\u00e9 na plnenie<\/p><p>potrebn\u00e9 \u00fadaje m\u00f4\u017eu by\u0165 poskytnut\u00e9 aj poveren\u00fdm servisn\u00fdm partnerom (logistick\u00fdm partnerom) alebo in\u00fdm tret\u00edm stran\u00e1m.<\/p><p>by\u0165 odovzdan\u00e9.<\/p><p>Podrobn\u00e9 ustanovenia o ochrane \u00fadajov s\u00fa k dispoz\u00edcii na tomto odkaze: (&gt;Odkaz ochrana \u00fadajov)<\/p><p><strong>\u010ciasto\u010dn\u00e1 invalidita<\/strong><\/p><p>Ak sa jednotliv\u00e9 ustanovenia t\u00fdchto VOP uk\u00e1\u017eu ako ne\u00fa\u010dinn\u00e9 alebo nevykonate\u013en\u00e9 alebo sa stan\u00fa ne\u00fa\u010dinn\u00fdmi alebo nevykonate\u013en\u00fdmi<\/p><p>sa stan\u00fa nevykonate\u013en\u00fdmi, nem\u00e1 to vplyv na platnos\u0165 ostatn\u00fdch ustanoven\u00ed.<\/p><p><strong>\u010eal\u0161ie ustanovenia<\/strong><\/p><p>Spolo\u010dnos\u0165 Buboffee si v\u00fdslovne vyhradzuje pr\u00e1vo kedyko\u013evek zmeni\u0165 tieto VOP a uvies\u0165 ich do platnosti bez predch\u00e1dzaj\u00faceho upozornenia.<\/p><p>sada.<\/p><p>V pr\u00edpade sporov <strong>v\u00fdlu\u010dne hmotn\u00e9 \u0161vaj\u010diarske pr\u00e1vo<\/strong> s vyl\u00fa\u010den\u00edm<\/p><p>sa uplat\u0148uj\u00fa kol\u00edzne normy. Dohovor OSN o zmluv\u00e1ch o medzin\u00e1rodnej k\u00fape tovaru (CISG, Viedensk\u00fd dohovor o predaji) je v\u00fdslovne<\/p><p>vyl\u00fa\u010den\u00e9.<\/p><p><strong>Miestom pr\u00edslu\u0161nosti je [miesto\/s\u00eddlo spolo\u010dnosti SHOPNAME] alebo miesto bydliska spotrebite\u013ea<\/strong>.<\/p><p><strong>Kontaktujte n\u00e1s<\/strong><\/p><p>Ak m\u00e1te ak\u00e9ko\u013evek ot\u00e1zky t\u00fdkaj\u00face sa t\u00fdchto VOP, obr\u00e1\u0165te sa na: <a href=\"https:\/\/buboffee.ch\/sk\/impressum\/\">https:\/\/buboffee.ch\/impressum\/<\/a><\/p><p><\/p>","protected":false},"excerpt":{"rendered":"<p>Allgemeine Gesch\u00e4ftsbedingungen (AGB) von Buboffee Geltungsbereich F\u00fcr alle Bestellungen \u00fcber unsere Webseite gelten die nachfolgenden Allgemeinen Gesch\u00e4ftsbedingungen (AGB). Das Angebot auf dieser Webseite richtet sich ausschliesslich an Konsumentinnen und Konsumenten mit Wohnsitz in der Schweiz und europ\u00e4ischen L\u00e4ndern (nachfolgend &#8220;Kunde&#8221;). Als Konsumentin oder Konsument wird eine nat\u00fcrliche Person bezeichnet, welche mit Buboffee gesch\u00e4ftliche Beziehungen pflegt, [&hellip;]<\/p>","protected":false},"author":1,"featured_media":0,"parent":0,"menu_order":0,"comment_status":"closed","ping_status":"closed","template":"","meta":{"footnotes":""},"class_list":["post-10","page","type-page","status-publish","hentry"],"jetpack_sharing_enabled":true,"_links":{"self":[{"href":"https:\/\/buboffee.ch\/sk\/wp-json\/wp\/v2\/pages\/10","targetHints":{"allow":["GET"]}}],"collection":[{"href":"https:\/\/buboffee.ch\/sk\/wp-json\/wp\/v2\/pages"}],"about":[{"href":"https:\/\/buboffee.ch\/sk\/wp-json\/wp\/v2\/types\/page"}],"author":[{"embeddable":true,"href":"https:\/\/buboffee.ch\/sk\/wp-json\/wp\/v2\/users\/1"}],"replies":[{"embeddable":true,"href":"https:\/\/buboffee.ch\/sk\/wp-json\/wp\/v2\/comments?post=10"}],"version-history":[{"count":5,"href":"https:\/\/buboffee.ch\/sk\/wp-json\/wp\/v2\/pages\/10\/revisions"}],"predecessor-version":[{"id":16198,"href":"https:\/\/buboffee.ch\/sk\/wp-json\/wp\/v2\/pages\/10\/revisions\/16198"}],"wp:attachment":[{"href":"https:\/\/buboffee.ch\/sk\/wp-json\/wp\/v2\/media?parent=10"}],"curies":[{"name":"wp","href":"https:\/\/api.w.org\/{rel}","templated":true}]}}